{"id":24,"date":"2019-11-30T00:35:00","date_gmt":"2019-11-30T00:35:00","guid":{"rendered":"http:\/\/xn--dunnkeil-3za.de\/?page_id=24"},"modified":"2019-11-30T00:35:00","modified_gmt":"2019-11-30T00:35:00","slug":"impressum-datenschutz","status":"publish","type":"page","link":"https:\/\/xn--dunnkeil-3za.de\/?page_id=24","title":{"rendered":"Impressum &#038; Datenschutz"},"content":{"rendered":"\n<h2 class=\"wp-block-heading\">Impressum<\/h2>\n\n\n\n<p><strong>Angaben gem\u00e4\u00df \u00a7 5 TMG:<\/strong> <\/p>\n\n\n\n<p>Kinderrockband Dunn\u00e4keil<br>Knabenweg 13<br>63820 Elsenfeld<\/p>\n\n\n\n<p><strong>Vertreten durch:<\/strong><br>Thomas Becker <br><strong>Kontakt:<\/strong> <br>Telefon: +49 (0) 6022 40 66 001 <br>E-Mail: thomas(at)dunnaekeil.de<br><br><strong>Verantwortlich f\u00fcr den Inhalt nach \u00a7 55 Abs. 2 RStV:<\/strong> <br>Thomas Becker <br>Knabenweg 13 <br>63820 Elsenfeld <br><br><strong>Streitschlichtung<\/strong> Wir sind nicht bereit oder verpflichtet, an Streitbeilegungsverfahren vor einer Verbraucherschlichtungsstelle teilzunehmen. <br><br><strong>Haftung f\u00fcr Inhalte<\/strong><br>Als Diensteanbieter sind wir gem\u00e4\u00df \u00a7 7 Abs.1 TMG f\u00fcr eigene Inhalte  auf diesen Seiten nach den allgemeinen Gesetzen verantwortlich. Nach \u00a7\u00a7  8 bis 10 TMG sind wir als Diensteanbieter jedoch nicht verpflichtet,  \u00fcbermittelte oder gespeicherte fremde Informationen zu \u00fcberwachen oder  nach Umst\u00e4nden zu forschen, die auf eine rechtswidrige T\u00e4tigkeit  hinweisen. Verpflichtungen zur Entfernung oder Sperrung der Nutzung von  Informationen nach den allgemeinen Gesetzen bleiben hiervon unber\u00fchrt.  Eine diesbez\u00fcgliche Haftung ist jedoch erst ab dem Zeitpunkt der  Kenntnis einer konkreten Rechtsverletzung m\u00f6glich. Bei Bekanntwerden von  entsprechenden Rechtsverletzungen werden wir diese Inhalte umgehend  entfernen.<br><strong>Haftung f\u00fcr Links<\/strong><br>Unser Angebot enth\u00e4lt Links zu externen Websites Dritter, auf deren  Inhalte wir keinen Einfluss haben. Deshalb k\u00f6nnen wir f\u00fcr diese fremden  Inhalte auch keine Gew\u00e4hr \u00fcbernehmen. F\u00fcr die Inhalte der verlinkten  Seiten ist stets der jeweilige Anbieter oder Betreiber der Seiten  verantwortlich. Die verlinkten Seiten wurden zum Zeitpunkt der  Verlinkung auf m\u00f6gliche Rechtsverst\u00f6\u00dfe \u00fcberpr\u00fcft. Rechtswidrige Inhalte  waren zum Zeitpunkt der Verlinkung nicht erkennbar. Eine permanente inhaltliche Kontrolle der verlinkten Seiten ist  jedoch ohne konkrete Anhaltspunkte einer Rechtsverletzung nicht  zumutbar. Bei Bekanntwerden von Rechtsverletzungen werden wir derartige  Links umgehend entfernen. <br><strong>Urheberrecht<\/strong> <br>Die durch die Seitenbetreiber erstellten Inhalte und Werke auf diesen Seiten unterliegen dem deutschen Urheberrecht. Die  Vervielf\u00e4ltigung, Bearbeitung, Verbreitung und jede Art der Verwertung  au\u00dferhalb der Grenzen des Urheberrechtes bed\u00fcrfen der schriftlichen  Zustimmung des jeweiligen Autors bzw. Erstellers. Downloads und Kopien  dieser Seite sind nur f\u00fcr den privaten, nicht kommerziellen Gebrauch  gestattet. Soweit die Inhalte auf dieser Seite nicht vom Betreiber erstellt  wurden, werden die Urheberrechte Dritter beachtet. Insbesondere werden  Inhalte Dritter als solche gekennzeichnet. Sollten Sie trotzdem auf eine  Urheberrechtsverletzung aufmerksam werden, bitten wir um einen  entsprechenden Hinweis. Bei Bekanntwerden von Rechtsverletzungen werden wir derartige Inhalte umgehend entfernen. <\/p>\n\n\n\n<hr class=\"wp-block-separator\"\/>\n\n\n\n<h2 class=\"wp-block-heading\">Datenschutzerkl\u00e4rung<\/h2>\n\n\n\n<p><strong>1. Datenschutz auf einen Blick<\/strong> <br>Allgemeine Hinweise <br>Die folgenden Hinweise geben einen einfachen \u00dcberblick dar\u00fcber, was  mit Ihren personenbezogenen Daten passiert, wenn Sie unsere Website  besuchen. Personenbezogene Daten sind alle Daten, mit denen Sie  pers\u00f6nlich identifiziert werden k\u00f6nnen. Ausf\u00fchrliche Informationen zum  Thema Datenschutz entnehmen Sie unserer unter diesem Text aufgef\u00fchrten  Datenschutzerkl\u00e4rung.<br><strong>Analyse-Tools und Tools von Drittanbietern<\/strong> Beim Besuch unserer Website kann Ihr Surf-Verhalten statistisch  ausgewertet werden. Das geschieht vor allem mit Cookies und mit  sogenannten Analyseprogrammen. Die Analyse Ihres Surf-Verhaltens erfolgt  in der Regel anonym; das Surf-Verhalten kann nicht zu Ihnen  zur\u00fcckverfolgt werden. Sie k\u00f6nnen dieser Analyse widersprechen oder sie  durch die Nichtbenutzung bestimmter Tools verhindern. Detaillierte  Informationen dazu finden Sie in der folgenden Datenschutzerkl\u00e4rung. Sie k\u00f6nnen dieser Analyse widersprechen. \u00dcber die  Widerspruchsm\u00f6glichkeiten werden wir Sie in dieser Datenschutzerkl\u00e4rung  informieren. <br><strong>2. Allgemeine Hinweise und Pflichtinformationen<\/strong><br><strong>Datenschutz<\/strong><br>Die Betreiber dieser Seiten nehmen den Schutz Ihrer pers\u00f6nlichen  Daten sehr ernst. Wir behandeln Ihre personenbezogenen Daten vertraulich  und entsprechend der gesetzlichen Datenschutzvorschriften sowie dieser  Datenschutzerkl\u00e4rung. Wenn Sie diese Website benutzen, werden verschiedene  personenbezogene Daten erhoben. Personenbezogene Daten sind Daten, mit  denen Sie pers\u00f6nlich identifiziert werden k\u00f6nnen. Die vorliegende  Datenschutzerkl\u00e4rung erl\u00e4utert, welche Daten wir erheben und wof\u00fcr wir  sie nutzen. Sie erl\u00e4utert auch, wie und zu welchem Zweck das geschieht. Wir weisen darauf hin, dass die Daten\u00fcbertragung im Internet (z.B.  bei der Kommunikation per E-Mail) Sicherheitsl\u00fccken aufweisen kann. Ein  l\u00fcckenloser Schutz der Daten vor dem Zugriff durch Dritte ist nicht  m\u00f6glich. <br><strong>Hinweis zur verantwortlichen Stelle<\/strong> <br>Die verantwortliche Stelle f\u00fcr die Datenverarbeitung auf dieser Website ist: <br>Kinderrockband Dunn\u00e4keil<br>Knabenweg 13<br>63820 Elsenfeld <br>Telefon: +49 (0) 6022 40 66 001 <br>E-Mail: thomas(at)dunnaekeil.de<br>Verantwortliche Stelle ist die nat\u00fcrliche oder juristische Person,  die allein oder gemeinsam mit anderen \u00fcber die Zwecke und Mittel der  Verarbeitung von personenbezogenen Daten (z.B. Namen, E-Mail-Adressen o.  \u00c4.) entscheidet.<br><strong>Widerruf Ihrer Einwilligung zur Datenverarbeitung<\/strong> <br>Viele Datenverarbeitungsvorg\u00e4nge sind nur mit Ihrer ausdr\u00fccklichen  Einwilligung m\u00f6glich. Sie k\u00f6nnen eine bereits erteilte Einwilligung  jederzeit widerrufen. Dazu reicht eine formlose Mitteilung per E-Mail an  uns. Die Rechtm\u00e4\u00dfigkeit der bis zum Widerruf erfolgten  Datenverarbeitung bleibt vom Widerruf unber\u00fchrt. <br><strong>Beschwerderecht bei der zust\u00e4ndigen Aufsichtsbeh\u00f6rde<\/strong> <br>Im Falle datenschutzrechtlicher Verst\u00f6\u00dfe steht dem Betroffenen ein  Beschwerderecht bei der zust\u00e4ndigen Aufsichtsbeh\u00f6rde zu. Zust\u00e4ndige  Aufsichtsbeh\u00f6rde in datenschutzrechtlichen Fragen ist der  Landesdatenschutzbeauftragte des Bundeslandes, in dem unser Unternehmen  seinen Sitz hat. Eine Liste der Datenschutzbeauftragten sowie deren  Kontaktdaten k\u00f6nnen folgendem Link entnommen werden:  https:\/\/www.bfdi.bund.de\/DE\/Infothek\/Anschriften_Links\/anschriften_links-node.html. <br><strong>Recht auf Daten\u00fcbertragbarkeit<\/strong> <br>Sie haben das Recht, Daten, die wir auf Grundlage Ihrer  Einwilligung oder in Erf\u00fcllung eines Vertrags automatisiert verarbeiten,  an sich oder an einen Dritten in einem g\u00e4ngigen, maschinenlesbaren  Format aush\u00e4ndigen zu lassen. Sofern Sie die direkte \u00dcbertragung der  Daten an einen anderen Verantwortlichen verlangen, erfolgt dies nur,  soweit es technisch machbar ist. <br><strong>3. Datenerfassung auf unserer Website<\/strong><br><strong>Cookies<\/strong> <br>Die Internetseiten verwenden teilweise so genannte Cookies. Cookies  richten auf Ihrem Rechner keinen Schaden an und enthalten keine Viren.  Cookies dienen dazu, unser Angebot nutzerfreundlicher, effektiver und  sicherer zu machen. Cookies sind kleine Textdateien, die auf Ihrem  Rechner abgelegt werden und die Ihr Browser speichert. Die meisten der von uns verwendeten Cookies sind so genannte  \u201cSession-Cookies\u201d. Sie werden nach Ende Ihres Besuchs automatisch  gel\u00f6scht. Andere Cookies bleiben auf Ihrem Endger\u00e4t gespeichert bis Sie diese l\u00f6schen. Diese Cookies erm\u00f6glichen es uns, Ihren Browser beim n\u00e4chsten Besuch wiederzuerkennen. Sie k\u00f6nnen Ihren Browser so einstellen, dass Sie \u00fcber das Setzen von Cookies informiert werden und Cookies nur im Einzelfall erlauben,  die Annahme von Cookies f\u00fcr bestimmte F\u00e4lle oder generell ausschlie\u00dfen sowie das automatische L\u00f6schen der Cookies beim Schlie\u00dfen des Browser aktivieren. Bei der Deaktivierung von Cookies kann die Funktionalit\u00e4t  dieser Website eingeschr\u00e4nkt sein. Cookies, die zur Durchf\u00fchrung des elektronischen  Kommunikationsvorgangs oder zur Bereitstellung bestimmter, von Ihnen  erw\u00fcnschter Funktionen (z.B. Warenkorbfunktion) erforderlich sind,  werden auf Grundlage von Art. 6 Abs. 1 lit. f DSGVO gespeichert. Der  Websitebetreiber hat ein berechtigtes Interesse an der Speicherung von Cookies zur technisch fehlerfreien und optimierten Bereitstellung seiner Dienste. Soweit andere Cookies (z.B. Cookies zur Analyse Ihres  Surfverhaltens) gespeichert werden, werden diese in dieser  Datenschutzerkl\u00e4rung gesondert behandelt. <br><strong>Kontaktformular<\/strong> <br>Wenn Sie uns per Kontaktformular Anfragen zukommen lassen, werden  Ihre Angaben aus dem Anfrageformular inklusive der von Ihnen dort  angegebenen Kontaktdaten zwecks Bearbeitung der Anfrage und f\u00fcr den Fall  von Anschlussfragen bei uns gespeichert. Diese Daten geben wir nicht  ohne Ihre Einwilligung weiter. Die Verarbeitung der in das Kontaktformular eingegebenen Daten  erfolgt somit ausschlie\u00dflich auf Grundlage Ihrer Einwilligung (Art. 6  Abs. 1 lit. a DSGVO). Sie k\u00f6nnen diese Einwilligung jederzeit  widerrufen. Dazu reicht eine formlose Mitteilung per E-Mail an uns. Die  Rechtm\u00e4\u00dfigkeit der bis zum Widerruf erfolgten Datenverarbeitungsvorg\u00e4nge  bleibt vom Widerruf unber\u00fchrt. Die von Ihnen im Kontaktformular eingegebenen Daten verbleiben bei  uns, bis Sie uns zur L\u00f6schung auffordern, Ihre Einwilligung zur  Speicherung widerrufen oder der Zweck f\u00fcr die Datenspeicherung entf\u00e4llt  (z.B. nach abgeschlossener Bearbeitung Ihrer Anfrage). Zwingende  gesetzliche Bestimmungen \u2013 insbesondere Aufbewahrungsfristen \u2013 bleiben  unber\u00fchrt.<br><strong>4. Soziale Medien<\/strong><br><strong>Facebook-Plugins (Like &amp; Share-Button)<\/strong><br>Auf unseren Seiten sind Plugins des sozialen Netzwerks Facebook,  Anbieter Facebook Inc., 1 Hacker Way, Menlo Park, California 94025, USA,  integriert. Die Facebook-Plugins erkennen Sie an dem Facebook-Logo oder  dem \u201eLike-Button\u201c (\u201eGef\u00e4llt mir\u201c) auf unserer Seite. Eine \u00dcbersicht  \u00fcber die Facebook-Plugins finden Sie hier:  https:\/\/developers.facebook.com\/docs\/plugins\/. Wenn Sie unsere Seiten besuchen, wird \u00fcber das Plugin eine direkte  Verbindung zwischen Ihrem Browser und dem Facebook-Server hergestellt.  Facebook erh\u00e4lt dadurch die Information, dass Sie mit Ihrer IP-Adresse  unsere Seite besucht haben. Wenn Sie den Facebook \u201eLike-Button\u201c  anklicken w\u00e4hrend Sie in Ihrem Facebook-Account eingeloggt sind, k\u00f6nnen  Sie die Inhalte unserer Seiten auf Ihrem Facebook-Profil verlinken.  Dadurch kann Facebook den Besuch unserer Seiten Ihrem Benutzerkonto  zuordnen. Wir weisen darauf hin, dass wir als Anbieter der Seiten keine  Kenntnis vom Inhalt der \u00fcbermittelten Daten sowie deren Nutzung durch  Facebook erhalten. Weitere Informationen hierzu finden Sie in der  Datenschutzerkl\u00e4rung von Facebook unter:  https:\/\/de-de.facebook.com\/policy.php. Wenn Sie nicht w\u00fcnschen, dass Facebook den Besuch unserer Seiten  Ihrem Facebook-Nutzerkonto zuordnen kann, loggen Sie sich bitte aus  Ihrem Facebook-Benutzerkonto aus. <br><strong>5. Plugins und ToolsYouTube<\/strong><br>Unsere Website nutzt Plugins der von Google betriebenen Seite  YouTube. Betreiber der Seiten ist die YouTube, LLC, 901 Cherry Ave., San  Bruno, CA 94066, USA. Wenn Sie eine unserer mit einem YouTube-Plugin ausgestatteten  Seiten besuchen, wird eine Verbindung zu den Servern von YouTube  hergestellt. Dabei wird dem YouTube-Server mitgeteilt, welche unserer  Seiten Sie besucht haben. Wenn Sie in Ihrem YouTube-Account eingeloggt sind, erm\u00f6glichen Sie  YouTube, Ihr Surfverhalten direkt Ihrem pers\u00f6nlichen Profil zuzuordnen.  Dies k\u00f6nnen Sie verhindern, indem Sie sich aus Ihrem YouTube-Account  ausloggen. Die Nutzung von YouTube erfolgt im Interesse einer ansprechenden  Darstellung unserer Online-Angebote. Dies stellt ein berechtigtes  Interesse im Sinne von Art. 6 Abs. 1 lit. f DSGVO dar. Weitere Informationen zum Umgang mit Nutzerdaten finden Sie in der  Datenschutzerkl\u00e4rung von YouTube unter:  https:\/\/www.google.de\/intl\/de\/policies\/privacy. <\/p>\n\n\n\n<p><a>\u200b<\/a><\/p>\n","protected":false},"excerpt":{"rendered":"<p>Impressum Angaben gem\u00e4\u00df \u00a7 5 TMG: Kinderrockband Dunn\u00e4keilKnabenweg 1363820 Elsenfeld Vertreten durch:Thomas Becker Kontakt: Telefon: +49 (0) 6022 40 66 001 E-Mail: thomas(at)dunnaekeil.de Verantwortlich f\u00fcr den Inhalt nach \u00a7 55 Abs. 2 RStV: Thomas Becker Knabenweg 13 63820 Elsenfeld Streitschlichtung Wir sind nicht bereit oder verpflichtet, an Streitbeilegungsverfahren vor einer Verbraucherschlichtungsstelle teilzunehmen. Haftung f\u00fcr InhalteAls [&hellip;]<\/p>\n","protected":false},"author":1,"featured_media":0,"parent":0,"menu_order":0,"comment_status":"closed","ping_status":"closed","template":"","meta":{"footnotes":""},"class_list":["post-24","page","type-page","status-publish","hentry"],"_links":{"self":[{"href":"https:\/\/xn--dunnkeil-3za.de\/index.php?rest_route=\/wp\/v2\/pages\/24","targetHints":{"allow":["GET"]}}],"collection":[{"href":"https:\/\/xn--dunnkeil-3za.de\/index.php?rest_route=\/wp\/v2\/pages"}],"about":[{"href":"https:\/\/xn--dunnkeil-3za.de\/index.php?rest_route=\/wp\/v2\/types\/page"}],"author":[{"embeddable":true,"href":"https:\/\/xn--dunnkeil-3za.de\/index.php?rest_route=\/wp\/v2\/users\/1"}],"replies":[{"embeddable":true,"href":"https:\/\/xn--dunnkeil-3za.de\/index.php?rest_route=%2Fwp%2Fv2%2Fcomments&post=24"}],"version-history":[{"count":1,"href":"https:\/\/xn--dunnkeil-3za.de\/index.php?rest_route=\/wp\/v2\/pages\/24\/revisions"}],"predecessor-version":[{"id":25,"href":"https:\/\/xn--dunnkeil-3za.de\/index.php?rest_route=\/wp\/v2\/pages\/24\/revisions\/25"}],"wp:attachment":[{"href":"https:\/\/xn--dunnkeil-3za.de\/index.php?rest_route=%2Fwp%2Fv2%2Fmedia&parent=24"}],"curies":[{"name":"wp","href":"https:\/\/api.w.org\/{rel}","templated":true}]}}