{"id":36,"date":"2020-04-08T21:02:20","date_gmt":"2020-04-08T21:02:20","guid":{"rendered":"http:\/\/xn--dunnkeil-3za.de\/?page_id=36"},"modified":"2024-12-17T21:23:13","modified_gmt":"2024-12-17T21:23:13","slug":"musik","status":"publish","type":"page","link":"https:\/\/xn--dunnkeil-3za.de\/?page_id=36","title":{"rendered":"Musik"},"content":{"rendered":"\n<figure class=\"wp-block-gallery has-nested-images columns-default is-cropped wp-block-gallery-1 is-layout-flex wp-block-gallery-is-layout-flex\">\n<figure class=\"wp-block-image size-large\"><img loading=\"lazy\" decoding=\"async\" width=\"1024\" height=\"1024\" data-id=\"47\" src=\"https:\/\/xn--dunnkeil-3za.de\/wp-content\/uploads\/2020\/04\/Cover-1024x1024.jpg\" alt=\"\" class=\"wp-image-47\" srcset=\"https:\/\/xn--dunnkeil-3za.de\/wp-content\/uploads\/2020\/04\/Cover-1024x1024.jpg 1024w, https:\/\/xn--dunnkeil-3za.de\/wp-content\/uploads\/2020\/04\/Cover-300x300.jpg 300w, https:\/\/xn--dunnkeil-3za.de\/wp-content\/uploads\/2020\/04\/Cover-150x150.jpg 150w, https:\/\/xn--dunnkeil-3za.de\/wp-content\/uploads\/2020\/04\/Cover-768x768.jpg 768w, https:\/\/xn--dunnkeil-3za.de\/wp-content\/uploads\/2020\/04\/Cover-1536x1536.jpg 1536w, https:\/\/xn--dunnkeil-3za.de\/wp-content\/uploads\/2020\/04\/Cover-2048x2048.jpg 2048w, https:\/\/xn--dunnkeil-3za.de\/wp-content\/uploads\/2020\/04\/Cover-100x100.jpg 100w\" sizes=\"auto, (max-width: 1024px) 100vw, 1024px\" \/><figcaption class=\"wp-element-caption\">2016 Live in Aschaffenburg<\/figcaption><\/figure>\n\n\n\n<figure class=\"wp-block-image size-large\"><img loading=\"lazy\" decoding=\"async\" width=\"1024\" height=\"990\" data-id=\"48\" src=\"https:\/\/xn--dunnkeil-3za.de\/wp-content\/uploads\/2020\/04\/20150702043015-1024x990.jpg\" alt=\"\" class=\"wp-image-48\" srcset=\"https:\/\/xn--dunnkeil-3za.de\/wp-content\/uploads\/2020\/04\/20150702043015-1024x990.jpg 1024w, https:\/\/xn--dunnkeil-3za.de\/wp-content\/uploads\/2020\/04\/20150702043015-300x290.jpg 300w, https:\/\/xn--dunnkeil-3za.de\/wp-content\/uploads\/2020\/04\/20150702043015-768x743.jpg 768w, https:\/\/xn--dunnkeil-3za.de\/wp-content\/uploads\/2020\/04\/20150702043015.jpg 1280w\" sizes=\"auto, (max-width: 1024px) 100vw, 1024px\" \/><figcaption class=\"wp-element-caption\">2015 Live in Cairo<\/figcaption><\/figure>\n\n\n\n<figure class=\"wp-block-image size-large\"><img loading=\"lazy\" decoding=\"async\" width=\"1024\" height=\"1024\" data-id=\"49\" src=\"https:\/\/xn--dunnkeil-3za.de\/wp-content\/uploads\/2020\/04\/CD-Cover-nur-vorne-1024x1024.jpg\" alt=\"\" class=\"wp-image-49\" srcset=\"https:\/\/xn--dunnkeil-3za.de\/wp-content\/uploads\/2020\/04\/CD-Cover-nur-vorne-1024x1024.jpg 1024w, https:\/\/xn--dunnkeil-3za.de\/wp-content\/uploads\/2020\/04\/CD-Cover-nur-vorne-300x300.jpg 300w, https:\/\/xn--dunnkeil-3za.de\/wp-content\/uploads\/2020\/04\/CD-Cover-nur-vorne-150x150.jpg 150w, https:\/\/xn--dunnkeil-3za.de\/wp-content\/uploads\/2020\/04\/CD-Cover-nur-vorne-768x768.jpg 768w, https:\/\/xn--dunnkeil-3za.de\/wp-content\/uploads\/2020\/04\/CD-Cover-nur-vorne-100x100.jpg 100w, https:\/\/xn--dunnkeil-3za.de\/wp-content\/uploads\/2020\/04\/CD-Cover-nur-vorne.jpg 1417w\" sizes=\"auto, (max-width: 1024px) 100vw, 1024px\" \/><figcaption class=\"wp-element-caption\">2010 Live auf dem Kommz<\/figcaption><\/figure>\n\n\n\n<figure class=\"wp-block-image size-large\"><img loading=\"lazy\" decoding=\"async\" width=\"1024\" height=\"1024\" data-id=\"46\" src=\"https:\/\/xn--dunnkeil-3za.de\/wp-content\/uploads\/2020\/04\/Tohuwabohu-online-1024x1024.jpg\" alt=\"\" class=\"wp-image-46\" srcset=\"https:\/\/xn--dunnkeil-3za.de\/wp-content\/uploads\/2020\/04\/Tohuwabohu-online-1024x1024.jpg 1024w, https:\/\/xn--dunnkeil-3za.de\/wp-content\/uploads\/2020\/04\/Tohuwabohu-online-300x300.jpg 300w, https:\/\/xn--dunnkeil-3za.de\/wp-content\/uploads\/2020\/04\/Tohuwabohu-online-150x150.jpg 150w, https:\/\/xn--dunnkeil-3za.de\/wp-content\/uploads\/2020\/04\/Tohuwabohu-online-768x768.jpg 768w, https:\/\/xn--dunnkeil-3za.de\/wp-content\/uploads\/2020\/04\/Tohuwabohu-online-100x100.jpg 100w, https:\/\/xn--dunnkeil-3za.de\/wp-content\/uploads\/2020\/04\/Tohuwabohu-online.jpg 1400w\" sizes=\"auto, (max-width: 1024px) 100vw, 1024px\" \/><figcaption class=\"wp-element-caption\">2012 Tohuwabohu<\/figcaption><\/figure>\n\n\n\n<figure class=\"wp-block-image size-large\"><img loading=\"lazy\" decoding=\"async\" width=\"1024\" height=\"1015\" data-id=\"44\" src=\"https:\/\/xn--dunnkeil-3za.de\/wp-content\/uploads\/2020\/04\/DK2-CD-Cover-1024x1015.jpg\" alt=\"\" class=\"wp-image-44\" srcset=\"https:\/\/xn--dunnkeil-3za.de\/wp-content\/uploads\/2020\/04\/DK2-CD-Cover-1024x1015.jpg 1024w, https:\/\/xn--dunnkeil-3za.de\/wp-content\/uploads\/2020\/04\/DK2-CD-Cover-300x297.jpg 300w, https:\/\/xn--dunnkeil-3za.de\/wp-content\/uploads\/2020\/04\/DK2-CD-Cover-150x150.jpg 150w, https:\/\/xn--dunnkeil-3za.de\/wp-content\/uploads\/2020\/04\/DK2-CD-Cover-768x762.jpg 768w, https:\/\/xn--dunnkeil-3za.de\/wp-content\/uploads\/2020\/04\/DK2-CD-Cover-100x100.jpg 100w, https:\/\/xn--dunnkeil-3za.de\/wp-content\/uploads\/2020\/04\/DK2-CD-Cover.jpg 1430w\" sizes=\"auto, (max-width: 1024px) 100vw, 1024px\" \/><figcaption class=\"wp-element-caption\">2018 Dunn\u00e4keil zwo &#8211; Das h\u00e4lt doch keiner aus<\/figcaption><\/figure>\n<\/figure>\n\n\n\n<h2 class=\"wp-block-heading\"><strong>Die Studioalben<\/strong><\/h2>\n\n\n\n<h3 class=\"wp-block-heading\">Dunn\u00e4keil zwo &#8211; Das h\u00e4lt doch keiner aus  (2018)<\/h3>\n\n\n\n<div class=\"wp-block-media-text alignwide\"><figure class=\"wp-block-media-text__media\"><img loading=\"lazy\" decoding=\"async\" width=\"1024\" height=\"1015\" src=\"https:\/\/xn--dunnkeil-3za.de\/wp-content\/uploads\/2020\/04\/DK2-CD-Cover-1024x1015.jpg\" alt=\"\" class=\"wp-image-44 size-full\" srcset=\"https:\/\/xn--dunnkeil-3za.de\/wp-content\/uploads\/2020\/04\/DK2-CD-Cover-1024x1015.jpg 1024w, https:\/\/xn--dunnkeil-3za.de\/wp-content\/uploads\/2020\/04\/DK2-CD-Cover-300x297.jpg 300w, https:\/\/xn--dunnkeil-3za.de\/wp-content\/uploads\/2020\/04\/DK2-CD-Cover-150x150.jpg 150w, https:\/\/xn--dunnkeil-3za.de\/wp-content\/uploads\/2020\/04\/DK2-CD-Cover-768x762.jpg 768w, https:\/\/xn--dunnkeil-3za.de\/wp-content\/uploads\/2020\/04\/DK2-CD-Cover-100x100.jpg 100w, https:\/\/xn--dunnkeil-3za.de\/wp-content\/uploads\/2020\/04\/DK2-CD-Cover.jpg 1430w\" sizes=\"auto, (max-width: 1024px) 100vw, 1024px\" \/><\/figure><div class=\"wp-block-media-text__content\">\n<p><strong>Liederliste:<\/strong><br>01 Bulldog<br>02 Papa, houl \u00d6l, denn die Schaukel quietscht<br> 03 Bei Hempels unter&#8217;m Sofa<br> 04 Dunn\u00e4l\u00e4nd<br> 05 Unser Kindergarten<br> 06 Katzenparty<br> 07 Lichtspielhaus<br> 08 Uffgebasst<br> 09 Vulkane<br> 10 Mainstrand<br> 11 Oh nein!<br> 12 Peter Mies<\/p>\n\n\n\n<p>Hier kannst Du das Liederheft zum Mitspielen und Mitsingen runterladen.<\/p>\n<\/div><\/div>\n\n\n\n<hr class=\"wp-block-separator has-css-opacity\"\/>\n\n\n\n<h3 class=\"wp-block-heading\">Tohuwabohu (2012)<\/h3>\n\n\n\n<div class=\"wp-block-media-text alignwide\"><figure class=\"wp-block-media-text__media\"><img loading=\"lazy\" decoding=\"async\" width=\"1024\" height=\"1024\" src=\"https:\/\/xn--dunnkeil-3za.de\/wp-content\/uploads\/2020\/04\/Tohuwabohu-online-1024x1024.jpg\" alt=\"\" class=\"wp-image-46 size-full\" srcset=\"https:\/\/xn--dunnkeil-3za.de\/wp-content\/uploads\/2020\/04\/Tohuwabohu-online-1024x1024.jpg 1024w, https:\/\/xn--dunnkeil-3za.de\/wp-content\/uploads\/2020\/04\/Tohuwabohu-online-300x300.jpg 300w, https:\/\/xn--dunnkeil-3za.de\/wp-content\/uploads\/2020\/04\/Tohuwabohu-online-150x150.jpg 150w, https:\/\/xn--dunnkeil-3za.de\/wp-content\/uploads\/2020\/04\/Tohuwabohu-online-768x768.jpg 768w, https:\/\/xn--dunnkeil-3za.de\/wp-content\/uploads\/2020\/04\/Tohuwabohu-online-100x100.jpg 100w, https:\/\/xn--dunnkeil-3za.de\/wp-content\/uploads\/2020\/04\/Tohuwabohu-online.jpg 1400w\" sizes=\"auto, (max-width: 1024px) 100vw, 1024px\" \/><\/figure><div class=\"wp-block-media-text__content\">\n<p><strong>Liederliste:<\/strong><br><\/p>\n\n\n\n<p>1 Kettcar fah&#8217;n<br>2 Dunn\u00e4m\u00e4n<br>3 Ausfluch nach Mildeb\u00e4\u00e4sch<br>4 Apollo 11<br>5 Ponygalopp<br>6 Benimmregel<br>7 Holger Hummel<br>8 Freundebuch<\/p>\n\n\n\n<p><a href=\"https:\/\/xn--dunnkeil-3za.de\/wp-content\/uploads\/2024\/12\/DunnaCC88keil20Liederheft20Nummer20120Tohuwabohu.pdf\" target=\"_blank\" rel=\"noreferrer noopener\">Hier kannst Du das Liederheft zum Mitspielen und Mitsingen runterladen.<\/a><\/p>\n<\/div><\/div>\n\n\n\n<hr class=\"wp-block-separator has-css-opacity\"\/>\n\n\n\n<p>Wo gibt es unsere beiden Studioalben zum in die Hand nehmen, Cover durchbl\u00e4ttern, mitsingen, etc.?<br><br><strong>Elsenfeld:<\/strong> Andreas Schatztruhe, Forstweg 2, 63820 Elsenfeld<br><strong>R\u00fcck-Schippach:<\/strong> Dorfladen,  Elsavatalstra\u00dfe 76, 63820 Elsenfeld<br><strong>Erlenbach<\/strong>: Kino Passage,  Bahnstra\u00dfe 37, 63906 Erlenbach\/Main<br><strong>Aschaffenburg:<\/strong> Holland Blumen,  Herstallstrasse 5,  63739 Aschaffenburg<\/p>\n\n\n\n<p>Wir schicken Sie Euch auch gerne zu, mailt einfach an laden@dunnaekeil.de <\/p>\n\n\n\n<p><br><strong>Hol Dir unsere CD f\u00fcr Deine Musikbox!<\/strong><\/p>\n\n\n\n<figure class=\"wp-block-image size-large\"><img loading=\"lazy\" decoding=\"async\" width=\"1024\" height=\"553\" src=\"https:\/\/xn--dunnkeil-3za.de\/wp-content\/uploads\/2023\/01\/B9DFA0B1-FDC1-48E8-B297-560FCEDABB9D-e1728843423741-1024x553.jpeg\" alt=\"\" class=\"wp-image-220\" srcset=\"https:\/\/xn--dunnkeil-3za.de\/wp-content\/uploads\/2023\/01\/B9DFA0B1-FDC1-48E8-B297-560FCEDABB9D-e1728843423741-1024x553.jpeg 1024w, https:\/\/xn--dunnkeil-3za.de\/wp-content\/uploads\/2023\/01\/B9DFA0B1-FDC1-48E8-B297-560FCEDABB9D-e1728843423741-300x162.jpeg 300w, https:\/\/xn--dunnkeil-3za.de\/wp-content\/uploads\/2023\/01\/B9DFA0B1-FDC1-48E8-B297-560FCEDABB9D-e1728843423741-768x415.jpeg 768w, https:\/\/xn--dunnkeil-3za.de\/wp-content\/uploads\/2023\/01\/B9DFA0B1-FDC1-48E8-B297-560FCEDABB9D-e1728843423741-1536x829.jpeg 1536w, https:\/\/xn--dunnkeil-3za.de\/wp-content\/uploads\/2023\/01\/B9DFA0B1-FDC1-48E8-B297-560FCEDABB9D-e1728843423741.jpeg 1797w\" sizes=\"auto, (max-width: 1024px) 100vw, 1024px\" \/><\/figure>\n\n\n\n<p>Du willst unsere Musik auf Deine Musikbox laden?<\/p>\n\n\n\n<p>Dann haben wir ein besonderes Angebot f\u00fcr Dich!<\/p>\n\n\n\n<p>Du kannst unsere beiden CDs \u201eTohuwabohu&#8220; und \u201eDas h\u00e4lt doch keiner aus&#8220; mit Bonus-Tracks zum Preis von 7,50 \u20ac pro Album als mp3-Download f\u00fcr Deine Musikboxen, USB-Sticks, mp3-Player etc. kaufen.<\/p>\n\n\n\n<p>Sobald das Geld bei uns angekommen ist, schicken wir Dir einen Link.<\/p>\n\n\n\n<p>Dazu hast Du 2 M\u00f6glichkeiten:<br>\u00fcber PayPal: <br><a href=\"https:\/\/py.pl\/W0QJj\">Tohuwabohu<\/a> <br><a href=\"https:\/\/py.pl\/1nWHon\">Das h\u00e4lt doch keiner aus<\/a><\/p>\n\n\n\n<p>oder Du schreibst uns einfach eine Mail an unser Merch-M\u00e4dchen und wir schicken Dir den Link. <\/p>\n\n\n\n<p>moertschmaedchen@dunnakeil.de<br><\/p>\n\n\n\n<p>Au\u00dferdem findest Du unsere CD*s auf vielen Streamingportalen:<\/p>\n\n\n\n<p><br><\/p>\n","protected":false},"excerpt":{"rendered":"<p>Die Studioalben Dunn\u00e4keil zwo &#8211; Das h\u00e4lt doch keiner aus (2018) Liederliste:01 Bulldog02 Papa, houl \u00d6l, denn die Schaukel quietscht 03 Bei Hempels unter&#8217;m Sofa 04 Dunn\u00e4l\u00e4nd 05 Unser Kindergarten 06 Katzenparty 07 Lichtspielhaus 08 Uffgebasst 09 Vulkane 10 Mainstrand 11 Oh nein! 12 Peter Mies Hier kannst Du das Liederheft zum Mitspielen und Mitsingen [&hellip;]<\/p>\n","protected":false},"author":1,"featured_media":0,"parent":0,"menu_order":0,"comment_status":"closed","ping_status":"closed","template":"","meta":{"footnotes":""},"class_list":["post-36","page","type-page","status-publish","hentry"],"_links":{"self":[{"href":"https:\/\/xn--dunnkeil-3za.de\/index.php?rest_route=\/wp\/v2\/pages\/36","targetHints":{"allow":["GET"]}}],"collection":[{"href":"https:\/\/xn--dunnkeil-3za.de\/index.php?rest_route=\/wp\/v2\/pages"}],"about":[{"href":"https:\/\/xn--dunnkeil-3za.de\/index.php?rest_route=\/wp\/v2\/types\/page"}],"author":[{"embeddable":true,"href":"https:\/\/xn--dunnkeil-3za.de\/index.php?rest_route=\/wp\/v2\/users\/1"}],"replies":[{"embeddable":true,"href":"https:\/\/xn--dunnkeil-3za.de\/index.php?rest_route=%2Fwp%2Fv2%2Fcomments&post=36"}],"version-history":[{"count":17,"href":"https:\/\/xn--dunnkeil-3za.de\/index.php?rest_route=\/wp\/v2\/pages\/36\/revisions"}],"predecessor-version":[{"id":382,"href":"https:\/\/xn--dunnkeil-3za.de\/index.php?rest_route=\/wp\/v2\/pages\/36\/revisions\/382"}],"wp:attachment":[{"href":"https:\/\/xn--dunnkeil-3za.de\/index.php?rest_route=%2Fwp%2Fv2%2Fmedia&parent=36"}],"curies":[{"name":"wp","href":"https:\/\/api.w.org\/{rel}","templated":true}]}}